{"id":9,"date":"2018-12-10T20:08:38","date_gmt":"2018-12-10T20:08:38","guid":{"rendered":"https:\/\/tanjaraman.com\/?page_id=9"},"modified":"2018-12-11T12:04:28","modified_gmt":"2018-12-11T12:04:28","slug":"tanja","status":"publish","type":"page","link":"https:\/\/tanjaraman.com\/?page_id=9","title":{"rendered":"Tanja"},"content":{"rendered":"<div id=\"dslc-content\" class=\"dslc-content dslc-clearfix\"><div id=\"dslc-main\">\r\n\t\t\t<div  class=\"dslc-modules-section \" style=\"\" data-section-id=\"185cf8b5a75\">\r\n\t\t\t\t\r\n\t\t\t\t\r\n\t\t\t\t<div class=\"dslc-modules-section-wrapper dslc-clearfix\"><div  class=\"dslc-modules-area dslc-col dslc-12-col dslc-last-col\" data-size=\"12\" data-valign=\"\" data-modules-area-id=\"\" ><style type=\"text\/css\" id=\"dslca-modules-area-\"><\/style>\r\n\t\t<div id=\"dslc-module-5a40887c771\" class=\"dslc-module-front dslc-module-DSLC_Image dslc-in-viewport-check dslc-in-viewport-anim-none  dslc-col dslc-4-col  dslc-module-handle-like-regular \" data-module-id=\"5a40887c771\" data-module=\"DSLC_Image\" data-dslc-module-size=\"4\" data-dslc-anim=\"none\" data-dslc-anim-delay=\"\" data-dslc-anim-duration=\"650\"  data-dslc-anim-easing=\"ease\" data-dslc-preset=\"none\" >\r\n\r\n\t\t\t\r\n\t\t\t\r\n\t\t\t\t<div class=\"dslc-image-container\">\r\n\t\t<div class=\"dslc-image\">\r\n\r\n\t\t\t\r\n\t\t\t\t\r\n\t\t\t\t\t\t\t\t\t<img src=\"https:\/\/tanjaraman.com\/wp-content\/uploads\/2018\/12\/snowportraitsmall3.jpg\" alt=\"\" title=\"\" srcset=\"https:\/\/tanjaraman.com\/wp-content\/uploads\/2018\/12\/snowportraitsmall3.jpg 600w, https:\/\/tanjaraman.com\/wp-content\/uploads\/2018\/12\/snowportraitsmall3-226x300.jpg 226w, https:\/\/tanjaraman.com\/wp-content\/uploads\/2018\/12\/snowportraitsmall3-450x596.jpg 450w\" sizes=\"(max-width: 600px) 100vw, 600px\" \/>\r\n\t\t\t\t\r\n\t\t\t\t\t\t\t\t\t<\/div><!-- .dslc-image -->\r\n\t\t<\/div>\r\n\t\t\r\n\t\t\t\t<\/div><!-- .dslc-module -->\r\n\t\t\r\n\t\t<div id=\"dslc-module-2b9239f8654\" class=\"dslc-module-front dslc-module-DSLC_Text_Simple dslc-in-viewport-check dslc-in-viewport-anim-none  dslc-col dslc-8-col dslc-last-col  dslc-module-handle-like-regular \" data-module-id=\"2b9239f8654\" data-module=\"DSLC_Text_Simple\" data-dslc-module-size=\"8\" data-dslc-anim=\"none\" data-dslc-anim-delay=\"\" data-dslc-anim-duration=\"650\"  data-dslc-anim-easing=\"ease\" data-dslc-preset=\"none\" >\r\n\r\n\t\t\t\r\n\t\t\t\r\n\t\t\n\t\t<div class=\"dslc-text-module-content\">\n\t\t\t<h1>Tanja R\u00e5man<\/h1><p class=\"p0\"><span class=\"c0\">Min\u00e4 olen Pohjois-Suomessa ty\u00f6skentelev\u00e4 kranio-sakraaliterapeutti.<\/span><\/p><p class=\"p1\"><span class=\"c0\">Kouluttauduin alunperin tanssijaksi ja ty\u00f6skentelin tanssija\/koreografina sek\u00e4 soveltavien tanssitieteiden asiantuntijana Britanniassa 15 vuoden ajan ennen opiskeluani terapeutiksi College of Cranio-Sacral Therapyssa Lontoossa vuonna 2011. Uskon, ett\u00e4 tanssitaustani tuo terapeutin ty\u00f6h\u00f6ni syv\u00e4\u00e4 kehon ja mielen yhteyden ymm\u00e4rt\u00e4mist\u00e4 ja asiantuntevaa opastusta. Voit lukea enemm\u00e4n tanssity\u00f6st\u00e4ni\u00a0<\/span><span class=\"c1\"><a href=\"http:\/\/taikabox.com\/\" target=\"_blank\" rel=\"noopener\">TaikaBox<\/a><\/span><span class=\"c2\">\u00a0sivuilta.<\/span><\/p><p class=\"p3\"><span class=\"c0\">Muutin takaisin Suomeen kes\u00e4ll\u00e4 2015 ja ty\u00f6skentelin kranio-sakraaliterapeuttina NEO Ehe\u00e4 Olossa Oulussa noin vuoden ennen kuin aloitin oman kotiklinikkani Varjakassa.<\/span><\/p>\t\t<\/div>\n\n\t\t\r\n\t\t\t\t<\/div><!-- .dslc-module -->\r\n\t\t\r\n\t\t<div id=\"dslc-module-a87b5f89462\" class=\"dslc-module-front dslc-module-DSLC_Separator dslc-in-viewport-check dslc-in-viewport-anim-none  dslc-col dslc-12-col dslc-last-col  dslc-module-handle-like-regular \" data-module-id=\"a87b5f89462\" data-module=\"DSLC_Separator\" data-dslc-module-size=\"12\" data-dslc-anim=\"none\" data-dslc-anim-delay=\"0\" data-dslc-anim-duration=\"650\"  data-dslc-anim-easing=\"ease\" data-dslc-preset=\"none\" >\r\n\r\n\t\t\t\r\n\t\t\t\r\n\t\t\t\t\t<div class=\"dslc-separator-wrapper\">\n\t\t\t\t<div class=\"dslc-separator dslc-separator-style-invisible\">\n\t\t\t\t\t\t\t\t\t<\/div>\n\t\t\t\t<div><\/div>\n\t\t\t<\/div><!-- .dslc-separator-wrapper -->\n\t\t\t\r\n\t\t\t\t<\/div><!-- .dslc-module -->\r\n\t\t\r\n\t\t<div id=\"dslc-module-c4da015bd65\" class=\"dslc-module-front dslc-module-DSLC_Text_Simple dslc-in-viewport-check dslc-in-viewport-anim-none  dslc-col dslc-12-col dslc-last-col  dslc-module-handle-like-regular \" data-module-id=\"c4da015bd65\" data-module=\"DSLC_Text_Simple\" data-dslc-module-size=\"12\" data-dslc-anim=\"none\" data-dslc-anim-delay=\"\" data-dslc-anim-duration=\"650\"  data-dslc-anim-easing=\"ease\" data-dslc-preset=\"none\" >\r\n\r\n\t\t\t\r\n\t\t\t\r\n\t\t\n\t\t<div class=\"dslc-text-module-content\">\n\t\t\t<div class=\"page_tanja_fVRB8JcvWJ1moOAmlfAZO title\"><h1 class=\"p0\"><span class=\"c0\">Kranio-sakraaliterapia<\/span><\/h1><\/div><div class=\"page_tanja_f8TTEXP5_RKxUrDOCdbQ9 title\"><p class=\"p0\"><span class=\"c0\">Kranio-sakraaliterapia on hell\u00e4varainen ja kokonaisvaltainen kehoterapia muoto, joka ottaa huomioon koko ihmisen fyysisen\u00e4, henkisen\u00e4, emotionaalisena ja hengellisen\u00e4 kokonaisuutena. Kranio-sakraaliterapia sai alkunsa kraniaali osteopatiasta 1900-luvun alkupuolella, mutta on sittemmin kehittynyt omaksi hoito muodoksi.<\/span><\/p><p class=\"p1\"><span class=\"c0\">Kranio-sakraaliterapeutteja l\u00f6ytyy nyky\u00e4\u00e4n l\u00e4hes joka puolelta maailmaa. Jokaisella terapeutilla on oma hoitotapansa, mutta perimm\u00e4iset l\u00e4ht\u00f6kohdat ovat suunnilleen samat. Terapeutti pyrkii kuuntelemaan potilasta koko olemuksellaan ja tukemaan h\u00e4nen sis\u00e4ist\u00e4 paranemisprosessiaan.<\/span><\/p><\/div>\t\t<\/div>\n\n\t\t\r\n\t\t\t\t<\/div><!-- .dslc-module -->\r\n\t\t\r\n\t\t<div id=\"dslc-module-d53b0914d98\" class=\"dslc-module-front dslc-module-DSLC_Separator dslc-in-viewport-check dslc-in-viewport-anim-none  dslc-col dslc-12-col dslc-last-col  dslc-module-handle-like-regular \" data-module-id=\"d53b0914d98\" data-module=\"DSLC_Separator\" data-dslc-module-size=\"12\" data-dslc-anim=\"none\" data-dslc-anim-delay=\"0\" data-dslc-anim-duration=\"650\"  data-dslc-anim-easing=\"ease\" data-dslc-preset=\"none\" >\r\n\r\n\t\t\t\r\n\t\t\t\r\n\t\t\t\t\t<div class=\"dslc-separator-wrapper\">\n\t\t\t\t<div class=\"dslc-separator dslc-separator-style-invisible\">\n\t\t\t\t\t\t\t\t\t<\/div>\n\t\t\t\t<div><\/div>\n\t\t\t<\/div><!-- .dslc-separator-wrapper -->\n\t\t\t\r\n\t\t\t\t<\/div><!-- .dslc-module -->\r\n\t\t\r\n\t\t<div id=\"dslc-module-723a94f52c5\" class=\"dslc-module-front dslc-module-DSLC_Text_Simple dslc-in-viewport-check dslc-in-viewport-anim-none  dslc-col dslc-12-col dslc-last-col  dslc-module-handle-like-regular \" data-module-id=\"723a94f52c5\" data-module=\"DSLC_Text_Simple\" data-dslc-module-size=\"12\" data-dslc-anim=\"none\" data-dslc-anim-delay=\"\" data-dslc-anim-duration=\"650\"  data-dslc-anim-easing=\"ease\" data-dslc-preset=\"none\" >\r\n\r\n\t\t\t\r\n\t\t\t\r\n\t\t\n\t\t<div class=\"dslc-text-module-content\">\n\t\t\t<h1 class=\"p0\"><span class=\"c0\">\"Natural forces within us are the true healers of disease\"<\/span><\/h1><p>Hippocrates<\/p>\t\t<\/div>\n\n\t\t\r\n\t\t\t\t<\/div><!-- .dslc-module -->\r\n\t\t<\/div><\/div><\/div><\/div><\/div>","protected":false},"excerpt":{"rendered":"<p>Tanja R\u00e5manMin\u00e4 olen Pohjois-Suomessa ty\u00f6skentelev\u00e4 kranio-sakraaliterapeutti.Kouluttauduin alunperin tanssijaksi ja ty\u00f6skentelin tanssija\/koreografina sek\u00e4 soveltavien tanssitieteiden asiantuntijana Britanniassa 15 vuoden ajan ennen opiskeluani terapeutiksi College of Cranio-Sacral Therapyssa Lontoossa vuonna 2011. Uskon, [&hellip;]<\/p>\n","protected":false},"author":3,"featured_media":0,"parent":0,"menu_order":0,"comment_status":"closed","ping_status":"closed","template":"page-templates\/page_composer.php","meta":{"footnotes":""},"class_list":["post-9","page","type-page","status-publish","hentry","clearfix"],"_links":{"self":[{"href":"https:\/\/tanjaraman.com\/index.php?rest_route=\/wp\/v2\/pages\/9","targetHints":{"allow":["GET"]}}],"collection":[{"href":"https:\/\/tanjaraman.com\/index.php?rest_route=\/wp\/v2\/pages"}],"about":[{"href":"https:\/\/tanjaraman.com\/index.php?rest_route=\/wp\/v2\/types\/page"}],"author":[{"embeddable":true,"href":"https:\/\/tanjaraman.com\/index.php?rest_route=\/wp\/v2\/users\/3"}],"replies":[{"embeddable":true,"href":"https:\/\/tanjaraman.com\/index.php?rest_route=%2Fwp%2Fv2%2Fcomments&post=9"}],"version-history":[{"count":1,"href":"https:\/\/tanjaraman.com\/index.php?rest_route=\/wp\/v2\/pages\/9\/revisions"}],"predecessor-version":[{"id":10,"href":"https:\/\/tanjaraman.com\/index.php?rest_route=\/wp\/v2\/pages\/9\/revisions\/10"}],"wp:attachment":[{"href":"https:\/\/tanjaraman.com\/index.php?rest_route=%2Fwp%2Fv2%2Fmedia&parent=9"}],"curies":[{"name":"wp","href":"https:\/\/api.w.org\/{rel}","templated":true}]}}