{"id":7,"date":"2018-12-10T20:08:21","date_gmt":"2018-12-10T20:08:21","guid":{"rendered":"https:\/\/tanjaraman.com\/?page_id=7"},"modified":"2018-12-11T12:02:53","modified_gmt":"2018-12-11T12:02:53","slug":"etusivu","status":"publish","type":"page","link":"https:\/\/tanjaraman.com\/","title":{"rendered":"Etusivu"},"content":{"rendered":"<div id=\"dslc-content\" class=\"dslc-content dslc-clearfix\"><div id=\"dslc-main\">\r\n\t\t\t<div  class=\"dslc-modules-section \" style=\"padding-top:50px;padding-bottom:50px;\" data-section-id=\"e6eacc5e7db\">\r\n\t\t\t\t\r\n\t\t\t\t\r\n\t\t\t\t<div class=\"dslc-modules-section-wrapper dslc-clearfix\"><div  class=\"dslc-modules-area dslc-col dslc-12-col dslc-last-col\" data-size=\"12\" data-valign=\"\" data-modules-area-id=\"\" ><style type=\"text\/css\" id=\"dslca-modules-area-\"><\/style>\r\n\t\t<div id=\"dslc-module-bd0f17adeb5\" class=\"dslc-module-front dslc-module-DSLC_Text_Simple dslc-in-viewport-check dslc-in-viewport-anim-none  dslc-col dslc-12-col dslc-last-col  dslc-module-handle-like-regular \" data-module-id=\"bd0f17adeb5\" data-module=\"DSLC_Text_Simple\" data-dslc-module-size=\"12\" data-dslc-anim=\"none\" data-dslc-anim-delay=\"\" data-dslc-anim-duration=\"650\"  data-dslc-anim-easing=\"ease\" data-dslc-preset=\"titles\" >\r\n\r\n\t\t\t\r\n\t\t\t\r\n\t\t\n\t\t<div class=\"dslc-text-module-content\">\n\t\t\t<p>TERVEYTT\u00c4 HYVINVOINTIA & ELINVOIMAA<\/p>\t\t<\/div>\n\n\t\t\r\n\t\t\t\t<\/div><!-- .dslc-module -->\r\n\t\t<\/div><\/div><\/div>\r\n\t\t\t<div  class=\"dslc-modules-section \" style=\"padding-top:10px;padding-bottom:10px;\" data-section-id=\"663645af0a3\">\r\n\t\t\t\t\r\n\t\t\t\t\r\n\t\t\t\t<div class=\"dslc-modules-section-wrapper dslc-clearfix\"><div  class=\"dslc-modules-area dslc-col dslc-12-col dslc-last-col\" data-size=\"12\" data-valign=\"\" data-modules-area-id=\"\" ><style type=\"text\/css\" id=\"dslca-modules-area-\"><\/style>\r\n\t\t<div id=\"dslc-module-786c0271f73\" class=\"dslc-module-front dslc-module-DSLC_Text_Simple dslc-in-viewport-check dslc-in-viewport-anim-none  dslc-col dslc-12-col dslc-last-col  dslc-module-handle-like-regular \" data-module-id=\"786c0271f73\" data-module=\"DSLC_Text_Simple\" data-dslc-module-size=\"12\" data-dslc-anim=\"none\" data-dslc-anim-delay=\"\" data-dslc-anim-duration=\"650\"  data-dslc-anim-easing=\"ease\" data-dslc-preset=\"none\" >\r\n\r\n\t\t\t\r\n\t\t\t\r\n\t\t\n\t\t<div class=\"dslc-text-module-content\">\n\t\t\t<p class=\"p0\"><span class=\"c0\">Ensimm\u00e4isen raskauden aikana k\u00e4rsin iskiaksesta, jota jatkui noin vuoden ajan synnytyksen j\u00e4lkeen. Jatkuva s\u00e4rky sai minut etsim\u00e4\u00e4n uusia vaihtoehtoja ja kokeilemaan kranio-sakraaliterapiaa. Se mullisti el\u00e4m\u00e4ni.<\/span><\/p><p class=\"p1\"><span class=\"c0\">Muutaman hoitokerran j\u00e4lkeen kivut lievittyiv\u00e4t, eik\u00e4 minulla nyky\u00e4\u00e4n ole en\u00e4\u00e4 oireita. Oma kokemukseni kivusta ja siit\u00e4 paranemisesta sai minut uteliaaksi ja johti minut lopulta opiskelemaan kranio-sakraaliterapiaa. Terapeutin ty\u00f6 on opettanut minulle paljon. Uskon, ett\u00e4 jokaisen kivun ja sairauden takaa on mahdollista l\u00f6yt\u00e4\u00e4 jokin syvempi tarina ja syy.<\/span><\/p>\t\t<\/div>\n\n\t\t\r\n\t\t\t\t<\/div><!-- .dslc-module -->\r\n\t\t<\/div><\/div><\/div><\/div><\/div>","protected":false},"excerpt":{"rendered":"<p>TERVEYTT\u00c4 HYVINVOINTIA &#038; ELINVOIMAA Ensimm\u00e4isen raskauden aikana k\u00e4rsin iskiaksesta, jota jatkui noin vuoden ajan synnytyksen j\u00e4lkeen. Jatkuva s\u00e4rky sai minut etsim\u00e4\u00e4n uusia vaihtoehtoja ja kokeilemaan kranio-sakraaliterapiaa. Se mullisti el\u00e4m\u00e4ni.Muutaman hoitokerran [&hellip;]<\/p>\n","protected":false},"author":3,"featured_media":0,"parent":0,"menu_order":0,"comment_status":"closed","ping_status":"closed","template":"page-templates\/page_composer.php","meta":{"footnotes":""},"class_list":["post-7","page","type-page","status-publish","hentry","clearfix"],"_links":{"self":[{"href":"https:\/\/tanjaraman.com\/index.php?rest_route=\/wp\/v2\/pages\/7","targetHints":{"allow":["GET"]}}],"collection":[{"href":"https:\/\/tanjaraman.com\/index.php?rest_route=\/wp\/v2\/pages"}],"about":[{"href":"https:\/\/tanjaraman.com\/index.php?rest_route=\/wp\/v2\/types\/page"}],"author":[{"embeddable":true,"href":"https:\/\/tanjaraman.com\/index.php?rest_route=\/wp\/v2\/users\/3"}],"replies":[{"embeddable":true,"href":"https:\/\/tanjaraman.com\/index.php?rest_route=%2Fwp%2Fv2%2Fcomments&post=7"}],"version-history":[{"count":1,"href":"https:\/\/tanjaraman.com\/index.php?rest_route=\/wp\/v2\/pages\/7\/revisions"}],"predecessor-version":[{"id":8,"href":"https:\/\/tanjaraman.com\/index.php?rest_route=\/wp\/v2\/pages\/7\/revisions\/8"}],"wp:attachment":[{"href":"https:\/\/tanjaraman.com\/index.php?rest_route=%2Fwp%2Fv2%2Fmedia&parent=7"}],"curies":[{"name":"wp","href":"https:\/\/api.w.org\/{rel}","templated":true}]}}