{"id":15,"date":"2018-12-10T20:09:37","date_gmt":"2018-12-10T20:09:37","guid":{"rendered":"https:\/\/tanjaraman.com\/?page_id=15"},"modified":"2024-08-08T17:39:48","modified_gmt":"2024-08-08T14:39:48","slug":"yhteystiedot","status":"publish","type":"page","link":"https:\/\/tanjaraman.com\/?page_id=15","title":{"rendered":"Yhteystiedot"},"content":{"rendered":"<div id=\"dslc-content\" class=\"dslc-content dslc-clearfix\"><div id=\"dslc-main\">\r\n\t\t\t<div  class=\"dslc-modules-section  dslc-no-columns-spacing \" style=\"padding-top:55px;padding-bottom:55px;border-color:#000000;\" data-section-id=\"3f975e92799\">\r\n\t\t\t\t\r\n\t\t\t\t\r\n\t\t\t\t<div class=\"dslc-modules-section-wrapper dslc-clearfix\"><div  class=\"dslc-modules-area dslc-col dslc-12-col dslc-last-col dslc-valign- \" data-size=\"12\" data-valign=\"\" data-modules-area-id=\"\" ><style type=\"text\/css\" id=\"dslca-modules-area-\"><\/style>\r\n\t\t<div id=\"dslc-module-182745dd6bc\" class=\"dslc-module-front dslc-module-DSLC_Html dslc-in-viewport-check dslc-in-viewport-anim-none  dslc-col dslc-5-col  dslc-module-handle-like-regular \" data-module-id=\"182745dd6bc\" data-module=\"DSLC_Html\" data-dslc-module-size=\"5\" data-dslc-anim=\"none\" data-dslc-anim-delay=\"\" data-dslc-anim-duration=\"650\"  data-dslc-anim-easing=\"ease\" data-dslc-preset=\"none\" >\r\n\r\n\t\t\t\r\n\t\t\t\r\n\t\t<div class=\"dslc-html-module-content\"><iframe src=\"https:\/\/www.google.com\/maps\/embed?pb=!1m18!1m12!1m3!1d1687.458681856509!2d25.328539716306874!3d64.97958038397869!2m3!1f0!2f0!3f0!3m2!1i1024!2i768!4f13.1!3m3!1m2!1s0x468033a689b46865%3A0x3ae128012df79bc0!2sVarjakantie+69%2C+90470+Oulunsalo!5e0!3m2!1sen!2sfi!4v1544725807288\" width=\"500\" height=\"500\" frameborder=\"5\" style=\"border:0\" allowfullscreen><\/iframe><\/div>\r\n\t\t\t\t<\/div><!-- .dslc-module -->\r\n\t\t\r\n\t\t<div id=\"dslc-module-1f07e439b77\" class=\"dslc-module-front dslc-module-DSLC_Text_Simple dslc-in-viewport-check dslc-in-viewport-anim-none  dslc-col dslc-7-col dslc-last-col  dslc-module-handle-like-regular \" data-module-id=\"1f07e439b77\" data-module=\"DSLC_Text_Simple\" data-dslc-module-size=\"7\" data-dslc-anim=\"none\" data-dslc-anim-delay=\"\" data-dslc-anim-duration=\"650\"  data-dslc-anim-easing=\"ease\" data-dslc-preset=\"none\" >\r\n\r\n\t\t\t\r\n\t\t\t\r\n\t\t\n\t\t<div class=\"dslc-text-module-content\">\n\t\t\t<div class=\"page_yhteystiedot_fB23lDPh567YliRBupQVU title\"><h1 class=\"p0\"><span class=\"c0\">Ty\u00f6skentelen kotiklinikallani Varjakassa<\/span><\/h1><span class=\"c0\">Kotiklinikkani sijaitsee Varjakan kauniissa ymp\u00e4rist\u00f6ss\u00e4, noin 18km Oulun keskustasta etel\u00e4\u00e4n. \u00a0Varjakantien p\u00e4\u00e4ss\u00e4 sijaitsee Varjakan venesatama.<\/span><\/div><div><p class=\"p0\"><span class=\"c0\">Tarjoan klinikallani vain kranio-sakraaliterapia hoitoja.<\/span><\/p><p class=\"p1\"><span class=\"c0\">Hoitoja on tarjolla 60min, 90min, 120min. Hoidon pituudesta p\u00e4\u00e4tet\u00e4\u00e4n yhdess\u00e4 potilaan kanssa h\u00e4nen tarpeet ja tilanne huomioon ottaen. Ensimm\u00e4inen hoitokerta on, kuitenkin, aina 90min.<\/span><\/p><p>Hoitojen hinnat muuttuvat arvonlis\u00e4veron noustessa 1.9.2024.<\/p><p class=\"p1\"><span class=\"c0\">Hoitojen hinnat (sis. alv) syyskuusta l\u00e4htien:<\/span><\/p><p><span class=\"c0\">60min aikuinen 75\u20ac<\/span><\/p><p class=\"p2\"><span class=\"c0\">90min aikuinen 95\u20ac<\/span><\/p><p class=\"p3\">120min aikuinen 125\u20ac<\/p><p class=\"p4\"><span class=\"c0\">Lapset ja nuoret alle 18v. 45min 55\u20ac<\/span><\/p><\/div>\t\t<\/div>\n\n\t\t\r\n\t\t\t\t<\/div><!-- .dslc-module -->\r\n\t\t<\/div><\/div><\/div><\/div><\/div>","protected":false},"excerpt":{"rendered":"<p>Ty\u00f6skentelen kotiklinikallani VarjakassaKotiklinikkani sijaitsee Varjakan kauniissa ymp\u00e4rist\u00f6ss\u00e4, noin 18km Oulun keskustasta etel\u00e4\u00e4n. \u00a0Varjakantien p\u00e4\u00e4ss\u00e4 sijaitsee Varjakan venesatama.Tarjoan klinikallani vain kranio-sakraaliterapia hoitoja.Hoitoja on tarjolla 60min, 90min, 120min. Hoidon pituudesta p\u00e4\u00e4tet\u00e4\u00e4n yhdess\u00e4 [&hellip;]<\/p>\n","protected":false},"author":3,"featured_media":0,"parent":0,"menu_order":0,"comment_status":"closed","ping_status":"closed","template":"page-templates\/page_composer.php","meta":{"footnotes":""},"class_list":["post-15","page","type-page","status-publish","hentry","clearfix"],"_links":{"self":[{"href":"https:\/\/tanjaraman.com\/index.php?rest_route=\/wp\/v2\/pages\/15","targetHints":{"allow":["GET"]}}],"collection":[{"href":"https:\/\/tanjaraman.com\/index.php?rest_route=\/wp\/v2\/pages"}],"about":[{"href":"https:\/\/tanjaraman.com\/index.php?rest_route=\/wp\/v2\/types\/page"}],"author":[{"embeddable":true,"href":"https:\/\/tanjaraman.com\/index.php?rest_route=\/wp\/v2\/users\/3"}],"replies":[{"embeddable":true,"href":"https:\/\/tanjaraman.com\/index.php?rest_route=%2Fwp%2Fv2%2Fcomments&post=15"}],"version-history":[{"count":3,"href":"https:\/\/tanjaraman.com\/index.php?rest_route=\/wp\/v2\/pages\/15\/revisions"}],"predecessor-version":[{"id":121,"href":"https:\/\/tanjaraman.com\/index.php?rest_route=\/wp\/v2\/pages\/15\/revisions\/121"}],"wp:attachment":[{"href":"https:\/\/tanjaraman.com\/index.php?rest_route=%2Fwp%2Fv2%2Fmedia&parent=15"}],"curies":[{"name":"wp","href":"https:\/\/api.w.org\/{rel}","templated":true}]}}