{"id":13,"date":"2018-12-10T20:09:18","date_gmt":"2018-12-10T20:09:18","guid":{"rendered":"https:\/\/tanjaraman.com\/?page_id=13"},"modified":"2018-12-11T12:03:33","modified_gmt":"2018-12-11T12:03:33","slug":"miksi","status":"publish","type":"page","link":"https:\/\/tanjaraman.com\/?page_id=13","title":{"rendered":"Miksi?"},"content":{"rendered":"<div id=\"dslc-content\" class=\"dslc-content dslc-clearfix\"><div id=\"dslc-main\">\r\n\t\t\t<div  class=\"dslc-modules-section \" style=\"\" data-section-id=\"185cf8b5a75\">\r\n\t\t\t\t\r\n\t\t\t\t\r\n\t\t\t\t<div class=\"dslc-modules-section-wrapper dslc-clearfix\"><div  class=\"dslc-modules-area dslc-col dslc-12-col dslc-last-col\" data-size=\"12\" data-valign=\"\" data-modules-area-id=\"\" ><style type=\"text\/css\" id=\"dslca-modules-area-\"><\/style>\r\n\t\t<div id=\"dslc-module-8e54db69bb6\" class=\"dslc-module-front dslc-module-DSLC_Image dslc-in-viewport-check dslc-in-viewport-anim-none  dslc-col dslc-4-col  dslc-module-handle-like-regular \" data-module-id=\"8e54db69bb6\" data-module=\"DSLC_Image\" data-dslc-module-size=\"4\" data-dslc-anim=\"none\" data-dslc-anim-delay=\"\" data-dslc-anim-duration=\"650\"  data-dslc-anim-easing=\"ease\" data-dslc-preset=\"none\" >\r\n\r\n\t\t\t\r\n\t\t\t\r\n\t\t\t\t<div class=\"dslc-image-container\">\r\n\t\t<div class=\"dslc-image\">\r\n\r\n\t\t\t\r\n\t\t\t\t\r\n\t\t\t\t\t\t\t\t\t<img src=\"https:\/\/tanjaraman.com\/wp-content\/uploads\/2018\/12\/4622220280.jpg\" alt=\"\" title=\"\" srcset=\"https:\/\/tanjaraman.com\/wp-content\/uploads\/2018\/12\/4622220280.jpg 300w, https:\/\/tanjaraman.com\/wp-content\/uploads\/2018\/12\/4622220280-225x300.jpg 225w\" sizes=\"(max-width: 300px) 100vw, 300px\" \/>\r\n\t\t\t\t\r\n\t\t\t\t\t\t\t\t\t<\/div><!-- .dslc-image -->\r\n\t\t<\/div>\r\n\t\t\r\n\t\t\t\t<\/div><!-- .dslc-module -->\r\n\t\t\r\n\t\t<div id=\"dslc-module-1f0d1760821\" class=\"dslc-module-front dslc-module-DSLC_Text_Simple dslc-in-viewport-check dslc-in-viewport-anim-none  dslc-col dslc-8-col dslc-last-col  dslc-module-handle-like-regular \" data-module-id=\"1f0d1760821\" data-module=\"DSLC_Text_Simple\" data-dslc-module-size=\"8\" data-dslc-anim=\"none\" data-dslc-anim-delay=\"\" data-dslc-anim-duration=\"650\"  data-dslc-anim-easing=\"ease\" data-dslc-preset=\"none\" >\r\n\r\n\t\t\t\r\n\t\t\t\r\n\t\t\n\t\t<div class=\"dslc-text-module-content\">\n\t\t\t<h1 class=\"p0\"><span class=\"c0\">Miksi kranio-sakraaliterapia ja kuka voi tulla hoitoon?<\/span><\/h1><p>\u00a0<\/p><p class=\"p0\"><span class=\"c0\">Koska kranio-sakraaliterapiassa k\u00e4ytet\u00e4\u00e4n hell\u00e4varaista hoitotekniikkaa, se sopii useimmille ihmisille.<\/span><\/p><p class=\"p2\"><span class=\"c0\">Kranio-sakraaliterapia pyrkii poistamaan veren ja energian kiertoa h\u00e4iritsevi\u00e4 fyysisi\u00e4 ja henkisi\u00e4 j\u00e4nnityksi\u00e4 ja tukoksia. Parantunut veren ja energian kierto tukee immuunij\u00e4rjestelm\u00e4\u00e4mme, ennalta ehk\u00e4isee sairauksia ja nopeuttaa niist\u00e4 paranemista sek\u00e4 parantaa yleist\u00e4 hyvinvointiamme.<\/span><\/p><p class=\"p4\"><span class=\"c0\">Potilaat ovat kertoneet kranio-sakraaliterapian auttaneen p\u00e4\u00e4kipuihin, stressin aiheuttamiin vaivoihin, unettomuuteen, ahdistukseen, selk\u00e4vaivoihin, loukkaantumisista ja leikkauksista palautumiseen sek\u00e4 moniin muihin vaivoihin.<\/span><\/p><p class=\"p6\"><span class=\"c0\">Kranio-sakraaliterapia sopii mainiosti my\u00f6s vauvoille ja \u00e4ideille traumaattisen synnytyksen j\u00e4lkihoitona.<\/span><\/p>\t\t<\/div>\n\n\t\t\r\n\t\t\t\t<\/div><!-- .dslc-module -->\r\n\t\t\r\n\t\t<div id=\"dslc-module-0a90e479b0e\" class=\"dslc-module-front dslc-module-DSLC_Separator dslc-in-viewport-check dslc-in-viewport-anim-none  dslc-col dslc-12-col dslc-last-col  dslc-module-handle-like-regular \" data-module-id=\"0a90e479b0e\" data-module=\"DSLC_Separator\" data-dslc-module-size=\"12\" data-dslc-anim=\"none\" data-dslc-anim-delay=\"0\" data-dslc-anim-duration=\"650\"  data-dslc-anim-easing=\"ease\" data-dslc-preset=\"none\" >\r\n\r\n\t\t\t\r\n\t\t\t\r\n\t\t\t\t\t<div class=\"dslc-separator-wrapper\">\n\t\t\t\t<div class=\"dslc-separator dslc-separator-style-invisible\">\n\t\t\t\t\t\t\t\t\t<\/div>\n\t\t\t\t<div><\/div>\n\t\t\t<\/div><!-- .dslc-separator-wrapper -->\n\t\t\t\r\n\t\t\t\t<\/div><!-- .dslc-module -->\r\n\t\t\r\n\t\t<div id=\"dslc-module-62904d4d1b5\" class=\"dslc-module-front dslc-module-DSLC_Text_Simple dslc-in-viewport-check dslc-in-viewport-anim-none  dslc-col dslc-12-col dslc-last-col  dslc-module-handle-like-regular \" data-module-id=\"62904d4d1b5\" data-module=\"DSLC_Text_Simple\" data-dslc-module-size=\"12\" data-dslc-anim=\"none\" data-dslc-anim-delay=\"\" data-dslc-anim-duration=\"650\"  data-dslc-anim-easing=\"ease\" data-dslc-preset=\"none\" >\r\n\r\n\t\t\t\r\n\t\t\t\r\n\t\t\n\t\t<div class=\"dslc-text-module-content\">\n\t\t\t<div class=\"page_miksi_f7PGCactogHOA8P3s2GPg title\"><h1 class=\"p0\"><span class=\"c0\">\u201cThe body is a sacred garment\u201d<\/span><\/h1><\/div><div class=\"page_miksi_fY5NFl0xqLHXjVQ2cLJj6 title\">Martha Graham<\/div>\t\t<\/div>\n\n\t\t\r\n\t\t\t\t<\/div><!-- .dslc-module -->\r\n\t\t<\/div><\/div><\/div><\/div><\/div>","protected":false},"excerpt":{"rendered":"<p>Miksi kranio-sakraaliterapia ja kuka voi tulla hoitoon?\u00a0Koska kranio-sakraaliterapiassa k\u00e4ytet\u00e4\u00e4n hell\u00e4varaista hoitotekniikkaa, se sopii useimmille ihmisille.Kranio-sakraaliterapia pyrkii poistamaan veren ja energian kiertoa h\u00e4iritsevi\u00e4 fyysisi\u00e4 ja henkisi\u00e4 j\u00e4nnityksi\u00e4 ja tukoksia. Parantunut veren [&hellip;]<\/p>\n","protected":false},"author":3,"featured_media":0,"parent":0,"menu_order":0,"comment_status":"closed","ping_status":"closed","template":"page-templates\/page_composer.php","meta":{"footnotes":""},"class_list":["post-13","page","type-page","status-publish","hentry","clearfix"],"_links":{"self":[{"href":"https:\/\/tanjaraman.com\/index.php?rest_route=\/wp\/v2\/pages\/13","targetHints":{"allow":["GET"]}}],"collection":[{"href":"https:\/\/tanjaraman.com\/index.php?rest_route=\/wp\/v2\/pages"}],"about":[{"href":"https:\/\/tanjaraman.com\/index.php?rest_route=\/wp\/v2\/types\/page"}],"author":[{"embeddable":true,"href":"https:\/\/tanjaraman.com\/index.php?rest_route=\/wp\/v2\/users\/3"}],"replies":[{"embeddable":true,"href":"https:\/\/tanjaraman.com\/index.php?rest_route=%2Fwp%2Fv2%2Fcomments&post=13"}],"version-history":[{"count":1,"href":"https:\/\/tanjaraman.com\/index.php?rest_route=\/wp\/v2\/pages\/13\/revisions"}],"predecessor-version":[{"id":14,"href":"https:\/\/tanjaraman.com\/index.php?rest_route=\/wp\/v2\/pages\/13\/revisions\/14"}],"wp:attachment":[{"href":"https:\/\/tanjaraman.com\/index.php?rest_route=%2Fwp%2Fv2%2Fmedia&parent=13"}],"curies":[{"name":"wp","href":"https:\/\/api.w.org\/{rel}","templated":true}]}}