{"id":11,"date":"2018-12-10T20:09:03","date_gmt":"2018-12-10T20:09:03","guid":{"rendered":"https:\/\/tanjaraman.com\/?page_id=11"},"modified":"2018-12-11T12:03:14","modified_gmt":"2018-12-11T12:03:14","slug":"hoito","status":"publish","type":"page","link":"https:\/\/tanjaraman.com\/?page_id=11","title":{"rendered":"Hoito"},"content":{"rendered":"<div id=\"dslc-content\" class=\"dslc-content dslc-clearfix\"><div id=\"dslc-main\">\r\n\t\t\t<div  class=\"dslc-modules-section \" style=\"\" data-section-id=\"185cf8b5a75\">\r\n\t\t\t\t\r\n\t\t\t\t\r\n\t\t\t\t<div class=\"dslc-modules-section-wrapper dslc-clearfix\"><div  class=\"dslc-modules-area dslc-col dslc-12-col dslc-last-col\" data-size=\"12\" data-valign=\"\" data-modules-area-id=\"\" ><style type=\"text\/css\" id=\"dslca-modules-area-\"><\/style>\r\n\t\t<div id=\"dslc-module-8770ed31ac0\" class=\"dslc-module-front dslc-module-DSLC_Image dslc-in-viewport-check dslc-in-viewport-anim-none  dslc-col dslc-4-col  dslc-module-handle-like-regular \" data-module-id=\"8770ed31ac0\" data-module=\"DSLC_Image\" data-dslc-module-size=\"4\" data-dslc-anim=\"none\" data-dslc-anim-delay=\"\" data-dslc-anim-duration=\"650\"  data-dslc-anim-easing=\"ease\" data-dslc-preset=\"none\" >\r\n\r\n\t\t\t\r\n\t\t\t\r\n\t\t\t\t<div class=\"dslc-image-container\">\r\n\t\t<div class=\"dslc-image\">\r\n\r\n\t\t\t\r\n\t\t\t\t\r\n\t\t\t\t\t\t\t\t\t<img src=\"https:\/\/tanjaraman.com\/wp-content\/uploads\/2018\/12\/4622220279.jpg\" alt=\"\" title=\"\" srcset=\"https:\/\/tanjaraman.com\/wp-content\/uploads\/2018\/12\/4622220279.jpg 300w, https:\/\/tanjaraman.com\/wp-content\/uploads\/2018\/12\/4622220279-225x300.jpg 225w\" sizes=\"(max-width: 300px) 100vw, 300px\" \/>\r\n\t\t\t\t\r\n\t\t\t\t\t\t\t\t\t<\/div><!-- .dslc-image -->\r\n\t\t<\/div>\r\n\t\t\r\n\t\t\t\t<\/div><!-- .dslc-module -->\r\n\t\t\r\n\t\t<div id=\"dslc-module-e0efe2e1553\" class=\"dslc-module-front dslc-module-DSLC_Text_Simple dslc-in-viewport-check dslc-in-viewport-anim-none  dslc-col dslc-8-col dslc-last-col  dslc-module-handle-like-regular \" data-module-id=\"e0efe2e1553\" data-module=\"DSLC_Text_Simple\" data-dslc-module-size=\"8\" data-dslc-anim=\"none\" data-dslc-anim-delay=\"\" data-dslc-anim-duration=\"650\"  data-dslc-anim-easing=\"ease\" data-dslc-preset=\"none\" >\r\n\r\n\t\t\t\r\n\t\t\t\r\n\t\t\n\t\t<div class=\"dslc-text-module-content\">\n\t\t\t<h1 class=\"p0\"><span class=\"c0\">Mit\u00e4 odottaa hoidolta?<\/span><\/h1><p class=\"p0\"><span class=\"c0\">Potilas yleens\u00e4 makaa hoitop\u00f6yd\u00e4ll\u00e4 sel\u00e4ll\u00e4\u00e4n ja hoito tapahtuu vaatteiden l\u00e4pi pehme\u00e4n kosketuksen avulla. Terapeutti k\u00e4y l\u00e4pi eri kehon osia, kuten jalkater\u00e4t, alasel\u00e4n, niskan ja p\u00e4\u00e4n. \u00a0<\/span><br><br><span class=\"c0\">Terapeutti tunnustelee kehon sis\u00e4ist\u00e4 rytmi\u00e4, joka on per\u00e4isin aivoja ja selk\u00e4ydint\u00e4 ymp\u00e4r\u00f6iv\u00e4n selk\u00e4ydinnesteen rytmisest\u00e4 liikkeest\u00e4. Selk\u00e4ydinnesteen liike kertoo paljon henkil\u00f6n terveydest\u00e4 ja h\u00e4nen t\u00e4m\u00e4n hetkisest\u00e4 kehon ja mielen tasapainosta.<\/span><br><br><span class=\"c0\">Hoitoprosessi tuo yleens\u00e4 syv\u00e4n tasapainon ja rentouden tunteen. Se rauhoittaa hermoston toimintaa ja aktivoi potilaan sis\u00e4isen paranemismekanismin. Se pyrkii tukemaan potilaan omaa puolustusmekanismia, mik\u00e4 parantaa yleist\u00e4 hyvinvointia ja poistaa monia eri oireita. \u00a0<\/span><\/p>\t\t<\/div>\n\n\t\t\r\n\t\t\t\t<\/div><!-- .dslc-module -->\r\n\t\t<\/div><\/div><\/div><\/div><\/div>","protected":false},"excerpt":{"rendered":"<p>Mit\u00e4 odottaa hoidolta?Potilas yleens\u00e4 makaa hoitop\u00f6yd\u00e4ll\u00e4 sel\u00e4ll\u00e4\u00e4n ja hoito tapahtuu vaatteiden l\u00e4pi pehme\u00e4n kosketuksen avulla. Terapeutti k\u00e4y l\u00e4pi eri kehon osia, kuten jalkater\u00e4t, alasel\u00e4n, niskan ja p\u00e4\u00e4n. \u00a0Terapeutti tunnustelee kehon [&hellip;]<\/p>\n","protected":false},"author":3,"featured_media":0,"parent":0,"menu_order":0,"comment_status":"closed","ping_status":"closed","template":"page-templates\/page_composer.php","meta":{"footnotes":""},"class_list":["post-11","page","type-page","status-publish","hentry","clearfix"],"_links":{"self":[{"href":"https:\/\/tanjaraman.com\/index.php?rest_route=\/wp\/v2\/pages\/11","targetHints":{"allow":["GET"]}}],"collection":[{"href":"https:\/\/tanjaraman.com\/index.php?rest_route=\/wp\/v2\/pages"}],"about":[{"href":"https:\/\/tanjaraman.com\/index.php?rest_route=\/wp\/v2\/types\/page"}],"author":[{"embeddable":true,"href":"https:\/\/tanjaraman.com\/index.php?rest_route=\/wp\/v2\/users\/3"}],"replies":[{"embeddable":true,"href":"https:\/\/tanjaraman.com\/index.php?rest_route=%2Fwp%2Fv2%2Fcomments&post=11"}],"version-history":[{"count":1,"href":"https:\/\/tanjaraman.com\/index.php?rest_route=\/wp\/v2\/pages\/11\/revisions"}],"predecessor-version":[{"id":12,"href":"https:\/\/tanjaraman.com\/index.php?rest_route=\/wp\/v2\/pages\/11\/revisions\/12"}],"wp:attachment":[{"href":"https:\/\/tanjaraman.com\/index.php?rest_route=%2Fwp%2Fv2%2Fmedia&parent=11"}],"curies":[{"name":"wp","href":"https:\/\/api.w.org\/{rel}","templated":true}]}}